{"id":2,"date":"2017-05-06T17:01:20","date_gmt":"2017-05-06T14:01:20","guid":{"rendered":"http:\/\/www.fysiosompio.net\/?page_id=2"},"modified":"2018-08-16T18:44:24","modified_gmt":"2018-08-16T15:44:24","slug":"esimerkkisivu","status":"publish","type":"page","link":"https:\/\/www.fysiosompio.net\/","title":{"rendered":"Fysiosompio"},"content":{"rendered":"<p>Tarjoamme yksil\u00f6llist\u00e4 ja laadukasta fysioterapiaa kaikenik\u00e4isille asiakkaille \u00a0uudessa toimipisteess\u00e4mme. Toimipisteemme lis\u00e4ksi ty\u00f6skentelemme kotik\u00e4ynneill\u00e4, p\u00e4iv\u00e4kodeissa, kouluissa ja hoitokodeissa.<\/p>\n<p>Fysioterapiaan voi hakeutua l\u00e4\u00e4k\u00e4rin l\u00e4hetteell\u00e4 tai sit\u00e4 ilman. Meill\u00e4 on my\u00f6s sopimus Kelan vaikeavammaisten l\u00e4\u00e4kinn\u00e4llisen avofysioterapian tuottamisesta.<\/p>\n<p>Rauhallinen toimipisteemme sijaitsee 1,5 km:n p\u00e4\u00e4ss\u00e4 Sodankyl\u00e4n keskustassa hyvien kulkuyhteyksien varrella.\u00a0 Meille on esteet\u00f6n kulku ja parkkitilaa autoileville heti toimipisteen edess\u00e4.<\/p>\n<p><strong>TERVETULOA!<\/strong><br \/>\n______________________________________________________________<\/p>\n<p>&nbsp;<\/p>\n<p>Sijainti: Ratsutie 1, Sodankyl\u00e4<\/p>\n<p><iframe loading=\"lazy\" style=\"border: 0;\" src=\"https:\/\/www.google.com\/maps\/embed?pb=!1m18!1m12!1m3!1d2165.7353869435005!2d26.572372374286555!3d67.42896558480147!2m3!1f0!2f0!3f0!3m2!1i1024!2i768!4f13.1!3m3!1m2!1s0x45d32bd9f4b3f5f3%3A0x7774a67263b579a7!2sRatsutie+1%2C+99600+Sodankyl%C3%A4!5e0!3m2!1sfi!2sfi!4v1534431466671\" width=\"400\" height=\"300\" frameborder=\"0\" allowfullscreen=\"allowfullscreen\"><\/iframe><\/p>\n<p>&nbsp;<\/p>\n<p style=\"text-align: left;\">Paula Koskelo 040-5907999<br \/>\n<img loading=\"lazy\" decoding=\"async\" class=\"wp-image-32 size-medium\" src=\"http:\/\/www.fysiosompio.net\/wp-content\/uploads\/2018\/08\/pk_pieni-225x300.jpg\" alt=\"\" width=\"225\" height=\"300\" srcset=\"https:\/\/www.fysiosompio.net\/wp-content\/uploads\/2018\/08\/pk_pieni-225x300.jpg 225w, https:\/\/www.fysiosompio.net\/wp-content\/uploads\/2018\/08\/pk_pieni.jpg 490w\" sizes=\"auto, (max-width: 225px) 85vw, 225px\" \/><br \/>\nKoulutus:<\/p>\n<p>Fysioterapeutti amk (2000)<br \/>\nTerveyden edist\u00e4misen yamk<br \/>\nNDT-Bobath<br \/>\nLymfaterapeutti<br \/>\nL\u00e4\u00e4ketieteellisen akupunktion koulutus<br \/>\nKinesioteippaus<br \/>\nMoniammatillinen kuntoutus lasten<br \/>\nneurologisessa fysioterapiassa<\/p>\n<p>Heidi Puljuj\u00e4rvi 040-7569085<\/p>\n<p><img loading=\"lazy\" decoding=\"async\" class=\"size-medium wp-image-34 alignnone\" src=\"http:\/\/www.fysiosompio.net\/wp-content\/uploads\/2018\/08\/HPpieni-225x300.jpg\" alt=\"\" width=\"225\" height=\"300\" srcset=\"https:\/\/www.fysiosompio.net\/wp-content\/uploads\/2018\/08\/HPpieni-225x300.jpg 225w, https:\/\/www.fysiosompio.net\/wp-content\/uploads\/2018\/08\/HPpieni.jpg 454w\" sizes=\"auto, (max-width: 225px) 85vw, 225px\" \/><\/p>\n<p>&nbsp;<\/p>\n<p>&nbsp;<\/p>\n<p>&nbsp;<\/p>\n<p>&nbsp;<\/p>\n<p>&nbsp;<\/p>\n<p>&nbsp;<\/p>\n<p>&nbsp;<\/p>\n<p>&nbsp;<\/p>\n","protected":false},"excerpt":{"rendered":"<p>Tarjoamme yksil\u00f6llist\u00e4 ja laadukasta fysioterapiaa kaikenik\u00e4isille asiakkaille \u00a0uudessa toimipisteess\u00e4mme. Toimipisteemme lis\u00e4ksi ty\u00f6skentelemme kotik\u00e4ynneill\u00e4, p\u00e4iv\u00e4kodeissa, kouluissa ja hoitokodeissa. Fysioterapiaan voi hakeutua l\u00e4\u00e4k\u00e4rin l\u00e4hetteell\u00e4 tai sit\u00e4 ilman. Meill\u00e4 on my\u00f6s sopimus Kelan vaikeavammaisten l\u00e4\u00e4kinn\u00e4llisen avofysioterapian tuottamisesta. Rauhallinen toimipisteemme sijaitsee 1,5 km:n p\u00e4\u00e4ss\u00e4 Sodankyl\u00e4n keskustassa hyvien kulkuyhteyksien varrella.\u00a0 Meille on esteet\u00f6n kulku ja parkkitilaa autoileville heti toimipisteen edess\u00e4. &hellip; <a href=\"https:\/\/www.fysiosompio.net\/\" class=\"more-link\">Jatka lukemista<span class=\"screen-reader-text\"> &#8221;Fysiosompio&#8221;<\/span><\/a><\/p>\n","protected":false},"author":1,"featured_media":0,"parent":0,"menu_order":0,"comment_status":"closed","ping_status":"open","template":"","meta":{"footnotes":""},"class_list":["post-2","page","type-page","status-publish","hentry"],"_links":{"self":[{"href":"https:\/\/www.fysiosompio.net\/index.php\/wp-json\/wp\/v2\/pages\/2","targetHints":{"allow":["GET"]}}],"collection":[{"href":"https:\/\/www.fysiosompio.net\/index.php\/wp-json\/wp\/v2\/pages"}],"about":[{"href":"https:\/\/www.fysiosompio.net\/index.php\/wp-json\/wp\/v2\/types\/page"}],"author":[{"embeddable":true,"href":"https:\/\/www.fysiosompio.net\/index.php\/wp-json\/wp\/v2\/users\/1"}],"replies":[{"embeddable":true,"href":"https:\/\/www.fysiosompio.net\/index.php\/wp-json\/wp\/v2\/comments?post=2"}],"version-history":[{"count":10,"href":"https:\/\/www.fysiosompio.net\/index.php\/wp-json\/wp\/v2\/pages\/2\/revisions"}],"predecessor-version":[{"id":37,"href":"https:\/\/www.fysiosompio.net\/index.php\/wp-json\/wp\/v2\/pages\/2\/revisions\/37"}],"wp:attachment":[{"href":"https:\/\/www.fysiosompio.net\/index.php\/wp-json\/wp\/v2\/media?parent=2"}],"curies":[{"name":"wp","href":"https:\/\/api.w.org\/{rel}","templated":true}]}}